{"id":207,"date":"2024-05-07T13:20:24","date_gmt":"2024-05-07T13:20:24","guid":{"rendered":"https:\/\/proouteiro.com\/wpampo_novosite\/?page_id=207"},"modified":"2024-06-17T21:02:46","modified_gmt":"2024-06-17T21:02:46","slug":"galeria","status":"publish","type":"page","link":"https:\/\/proouteiro.com\/wpampo\/galeria\/","title":{"rendered":"Galeria"},"content":{"rendered":"\t\t<div data-elementor-type=\"wp-page\" data-elementor-id=\"207\" class=\"elementor elementor-207\" data-elementor-post-type=\"page\">\n\t\t\t\t<div class=\"elementor-element elementor-element-stoS1gd e-flex e-con-boxed e-con e-parent\" data-id=\"stoS1gd\" data-element_type=\"container\" data-settings=\"{&quot;background_background&quot;:&quot;classic&quot;}\">\n\t\t\t\t\t<div class=\"e-con-inner\">\n\t\t<div class=\"elementor-element elementor-element-zQuK5Gs e-con-full e-flex e-con e-child\" data-id=\"zQuK5Gs\" data-element_type=\"container\">\n\t\t<div class=\"elementor-element elementor-element-iDk7myD e-flex e-con-boxed e-con e-child\" data-id=\"iDk7myD\" data-element_type=\"container\">\n\t\t\t\t\t<div class=\"e-con-inner\">\n\t\t<div class=\"elementor-element elementor-element-Cs1MRm0 e-flex e-con-boxed e-con e-child\" data-id=\"Cs1MRm0\" data-element_type=\"container\">\n\t\t\t\t\t<div class=\"e-con-inner\">\n\t\t\t\t<div class=\"elementor-element elementor-element-4hsX55d elementor-widget elementor-widget-heading\" data-id=\"4hsX55d\" data-element_type=\"widget\" data-widget_type=\"heading.default\">\n\t\t\t\t<div class=\"elementor-widget-container\">\n\t\t\t<h2 class=\"elementor-heading-title elementor-size-default\">Galeria de Imagens<\/h2>\t\t<\/div>\n\t\t\t\t<\/div>\n\t\t\t\t<div class=\"elementor-element elementor-element-pSrw2Gk elementor-widget elementor-widget-text-editor\" data-id=\"pSrw2Gk\" data-element_type=\"widget\" data-widget_type=\"text-editor.default\">\n\t\t\t\t<div class=\"elementor-widget-container\">\n\t\t\t\t\t\t\t<p>Explore nossa encantadora galeria de imagens, repleta de momentos preciosos capturados no nosso lar. De retratos cheios de sorrisos a atividades animadas, cada imagem conta uma hist\u00f3ria \u00fanica de amor, cuidado e alegria compartilhados entre nossos residentes, suas fam\u00edlias e nossa dedicada equipa. Deixe-se envolver pela ternura e pela atmosfera acolhedora que fazem do nosso lar um lugar verdadeiramente especial<\/p>\t\t\t\t\t\t<\/div>\n\t\t\t\t<\/div>\n\t\t\t\t\t<\/div>\n\t\t\t\t<\/div>\n\t\t\t\t\t<\/div>\n\t\t\t\t<\/div>\n\t\t<div class=\"elementor-element elementor-element-3miBMoB e-flex e-con-boxed e-con e-child\" data-id=\"3miBMoB\" data-element_type=\"container\">\n\t\t\t\t\t<div class=\"e-con-inner\">\n\t\t\t\t<div class=\"elementor-element elementor-element-zc2GXkw elementor-widget__width-auto elementor-align-right elementor-widget elementor-widget-button\" data-id=\"zc2GXkw\" data-element_type=\"widget\" data-widget_type=\"button.default\">\n\t\t\t\t<div class=\"elementor-widget-container\">\n\t\t\t\t\t\t\t<div class=\"elementor-button-wrapper\">\n\t\t\t\t\t<a class=\"elementor-button elementor-button-link elementor-size-sm\" href=\"https:\/\/proouteiro.com\/wpampo_novosite\/galeria-de-imagens\/\">\n\t\t\t\t\t\t<span class=\"elementor-button-content-wrapper\">\n\t\t\t\t\t\t\t\t\t<span class=\"elementor-button-text\">Ver Fotos<\/span>\n\t\t\t\t\t<\/span>\n\t\t\t\t\t<\/a>\n\t\t\t\t<\/div>\n\t\t\t\t\t\t<\/div>\n\t\t\t\t<\/div>\n\t\t\t\t\t<\/div>\n\t\t\t\t<\/div>\n\t\t\t\t<\/div>\n\t\t\t\t<div class=\"elementor-element elementor-element-jJYTLb0 elementor-widget elementor-widget-image\" data-id=\"jJYTLb0\" data-element_type=\"widget\" data-widget_type=\"image.default\">\n\t\t\t\t<div class=\"elementor-widget-container\">\n\t\t\t\t\t\t\t\t\t\t\t\t\t<img fetchpriority=\"high\" decoding=\"async\" width=\"960\" height=\"640\" src=\"https:\/\/proouteiro.com\/wpampo\/wp-content\/uploads\/2024\/05\/2016-tardes-1.jpg\" class=\"attachment-full size-full wp-image-240\" alt=\"\" srcset=\"https:\/\/proouteiro.com\/wpampo\/wp-content\/uploads\/2024\/05\/2016-tardes-1.jpg 960w, https:\/\/proouteiro.com\/wpampo\/wp-content\/uploads\/2024\/05\/2016-tardes-1-300x200.jpg 300w, https:\/\/proouteiro.com\/wpampo\/wp-content\/uploads\/2024\/05\/2016-tardes-1-768x512.jpg 768w\" sizes=\"(max-width: 960px) 100vw, 960px\" \/>\t\t\t\t\t\t\t\t\t\t\t\t\t<\/div>\n\t\t\t\t<\/div>\n\t\t\t\t\t<\/div>\n\t\t\t\t<\/div>\n\t\t<div class=\"elementor-element elementor-element-70f3a09 e-flex e-con-boxed e-con e-parent\" data-id=\"70f3a09\" data-element_type=\"container\" data-settings=\"{&quot;background_background&quot;:&quot;classic&quot;}\">\n\t\t\t\t\t<div class=\"e-con-inner\">\n\t\t<div class=\"elementor-element elementor-element-306d3d3 e-con-full e-flex e-con e-child\" data-id=\"306d3d3\" data-element_type=\"container\">\n\t\t<div class=\"elementor-element elementor-element-8b8af39 e-flex e-con-boxed e-con e-child\" data-id=\"8b8af39\" data-element_type=\"container\">\n\t\t\t\t\t<div class=\"e-con-inner\">\n\t\t<div class=\"elementor-element elementor-element-b790f21 e-flex e-con-boxed e-con e-child\" data-id=\"b790f21\" data-element_type=\"container\">\n\t\t\t\t\t<div class=\"e-con-inner\">\n\t\t\t\t<div class=\"elementor-element elementor-element-807d857 elementor-widget elementor-widget-heading\" data-id=\"807d857\" data-element_type=\"widget\" data-widget_type=\"heading.default\">\n\t\t\t\t<div class=\"elementor-widget-container\">\n\t\t\t<h2 class=\"elementor-heading-title elementor-size-default\">Galeria de V\u00eddeos<\/h2>\t\t<\/div>\n\t\t\t\t<\/div>\n\t\t\t\t<div class=\"elementor-element elementor-element-37e90a0 elementor-widget elementor-widget-text-editor\" data-id=\"37e90a0\" data-element_type=\"widget\" data-widget_type=\"text-editor.default\">\n\t\t\t\t<div class=\"elementor-widget-container\">\n\t\t\t\t\t\t\t<p>Explore nossa encantadora galeria de v\u00eddeos, repleta de momentos preciosos capturados no nosso lar. De retratos cheios de sorrisos a atividades animadas, cada v\u00eddeo conta uma hist\u00f3ria \u00fanica de amor, cuidado e alegria compartilhados entre nossos residentes, suas fam\u00edlias e nossa dedicada equipe. Deixe-se envolver pela ternura e pela atmosfera acolhedora que fazem do nosso lar um lugar verdadeiramente especial.<\/p>\t\t\t\t\t\t<\/div>\n\t\t\t\t<\/div>\n\t\t\t\t\t<\/div>\n\t\t\t\t<\/div>\n\t\t\t\t\t<\/div>\n\t\t\t\t<\/div>\n\t\t<div class=\"elementor-element elementor-element-92f2664 e-flex e-con-boxed e-con e-child\" data-id=\"92f2664\" data-element_type=\"container\">\n\t\t\t\t\t<div class=\"e-con-inner\">\n\t\t\t\t<div class=\"elementor-element elementor-element-ed019e9 elementor-widget__width-auto elementor-align-right elementor-widget elementor-widget-button\" data-id=\"ed019e9\" data-element_type=\"widget\" data-widget_type=\"button.default\">\n\t\t\t\t<div class=\"elementor-widget-container\">\n\t\t\t\t\t\t\t<div class=\"elementor-button-wrapper\">\n\t\t\t\t\t<a class=\"elementor-button elementor-button-link elementor-size-sm\" href=\"https:\/\/proouteiro.com\/wpampo_novosite\/galeria-de-videos\/\">\n\t\t\t\t\t\t<span class=\"elementor-button-content-wrapper\">\n\t\t\t\t\t\t\t\t\t<span class=\"elementor-button-text\">Ver V\u00eddeos<\/span>\n\t\t\t\t\t<\/span>\n\t\t\t\t\t<\/a>\n\t\t\t\t<\/div>\n\t\t\t\t\t\t<\/div>\n\t\t\t\t<\/div>\n\t\t\t\t\t<\/div>\n\t\t\t\t<\/div>\n\t\t\t\t<\/div>\n\t\t\t\t<div class=\"elementor-element elementor-element-5280605 elementor-widget elementor-widget-image\" data-id=\"5280605\" data-element_type=\"widget\" data-widget_type=\"image.default\">\n\t\t\t\t<div class=\"elementor-widget-container\">\n\t\t\t\t\t\t\t\t\t\t\t\t\t<img fetchpriority=\"high\" decoding=\"async\" width=\"960\" height=\"640\" src=\"https:\/\/proouteiro.com\/wpampo\/wp-content\/uploads\/2024\/05\/2016-tardes-1.jpg\" class=\"attachment-full size-full wp-image-240\" alt=\"\" srcset=\"https:\/\/proouteiro.com\/wpampo\/wp-content\/uploads\/2024\/05\/2016-tardes-1.jpg 960w, https:\/\/proouteiro.com\/wpampo\/wp-content\/uploads\/2024\/05\/2016-tardes-1-300x200.jpg 300w, https:\/\/proouteiro.com\/wpampo\/wp-content\/uploads\/2024\/05\/2016-tardes-1-768x512.jpg 768w\" sizes=\"(max-width: 960px) 100vw, 960px\" \/>\t\t\t\t\t\t\t\t\t\t\t\t\t<\/div>\n\t\t\t\t<\/div>\n\t\t\t\t\t<\/div>\n\t\t\t\t<\/div>\n\t\t\t\t<\/div>\n\t\t","protected":false},"excerpt":{"rendered":"<p>Galeria de Imagens Explore nossa encantadora galeria de imagens, repleta de momentos preciosos capturados no nosso lar. De retratos cheios de sorrisos a atividades animadas, cada imagem conta uma hist\u00f3ria \u00fanica de amor, cuidado e alegria compartilhados entre nossos residentes, suas fam\u00edlias e nossa dedicada equipa. Deixe-se envolver pela ternura e pela atmosfera acolhedora que [&hellip;]<\/p>\n","protected":false},"author":3,"featured_media":0,"parent":0,"menu_order":0,"comment_status":"closed","ping_status":"closed","template":"","meta":{"footnotes":""},"class_list":["post-207","page","type-page","status-publish","hentry"],"_links":{"self":[{"href":"https:\/\/proouteiro.com\/wpampo\/wp-json\/wp\/v2\/pages\/207","targetHints":{"allow":["GET"]}}],"collection":[{"href":"https:\/\/proouteiro.com\/wpampo\/wp-json\/wp\/v2\/pages"}],"about":[{"href":"https:\/\/proouteiro.com\/wpampo\/wp-json\/wp\/v2\/types\/page"}],"author":[{"embeddable":true,"href":"https:\/\/proouteiro.com\/wpampo\/wp-json\/wp\/v2\/users\/3"}],"replies":[{"embeddable":true,"href":"https:\/\/proouteiro.com\/wpampo\/wp-json\/wp\/v2\/comments?post=207"}],"version-history":[{"count":55,"href":"https:\/\/proouteiro.com\/wpampo\/wp-json\/wp\/v2\/pages\/207\/revisions"}],"predecessor-version":[{"id":739,"href":"https:\/\/proouteiro.com\/wpampo\/wp-json\/wp\/v2\/pages\/207\/revisions\/739"}],"wp:attachment":[{"href":"https:\/\/proouteiro.com\/wpampo\/wp-json\/wp\/v2\/media?parent=207"}],"curies":[{"name":"wp","href":"https:\/\/api.w.org\/{rel}","templated":true}]}}