{"id":12,"date":"2024-04-30T15:01:33","date_gmt":"2024-04-30T15:01:33","guid":{"rendered":"https:\/\/proouteiro.com\/wpampo_novosite\/?page_id=12"},"modified":"2024-12-05T20:00:58","modified_gmt":"2024-12-05T20:00:58","slug":"inicio","status":"publish","type":"page","link":"https:\/\/proouteiro.com\/wpampo\/","title":{"rendered":"Inicio"},"content":{"rendered":"\t\t<div data-elementor-type=\"wp-page\" data-elementor-id=\"12\" class=\"elementor elementor-12\" data-elementor-post-type=\"page\">\n\t\t\t\t<div class=\"elementor-element elementor-element-2522ae1 e-flex e-con-boxed e-con e-parent\" data-id=\"2522ae1\" data-element_type=\"container\">\n\t\t\t\t\t<div class=\"e-con-inner\">\n\t\t<div class=\"elementor-element elementor-element-a39f404 e-flex e-con-boxed e-con e-child\" data-id=\"a39f404\" data-element_type=\"container\">\n\t\t\t\t\t<div class=\"e-con-inner\">\n\t\t<div class=\"elementor-element elementor-element-4ae96c6 e-flex e-con-boxed e-con e-child\" data-id=\"4ae96c6\" data-element_type=\"container\">\n\t\t\t\t\t<div class=\"e-con-inner\">\n\t\t\t\t<div class=\"elementor-element elementor-element-a339fcb elementor-widget elementor-widget-html\" data-id=\"a339fcb\" data-element_type=\"widget\" data-widget_type=\"html.default\">\n\t\t\t\t<div class=\"elementor-widget-container\">\n\t\t\t<!DOCTYPE html>\r\n<html lang=\"en\">\r\n<head>\r\n    <meta charset=\"UTF-8\">\r\n    <meta name=\"viewport\" content=\"width=device-width, initial-scale=1.0\">\r\n    <title>Popup de Email<\/title>\r\n    <style>\r\n        \/* Estilos CSS aqui *\/\r\n        a:hover {\r\n            background: linear-gradient(90deg);\r\n            transform: translateY(-2px);\r\n        }\r\n\r\n        a:active {\r\n            background: linear-gradient(90deg);\r\n            transform: translateY(0);\r\n        }\r\n\r\n        \/* Outros estilos conforme necess\u00e1rio *\/\r\n    <\/style>\r\n<\/head>\r\n<body>\r\n\r\n<div style=\"display: flex; align-items: center; gap: 20px; padding: 20px; border: 2px solid #FFA500; border-radius: 15px; background-color: #fff3e0; box-shadow: 0 4px 8px rgba(0, 0, 0, 0.1);\">\r\n    <div style=\"flex-grow: 1;\">\r\n        <p style=\"margin: 0; font-size: 18px; font-weight: bold; color: #FF4500;\">\r\n            Ajudar n\u00e3o custa nada!<br>\r\n            Seja solid\u00e1rio(a)!\r\n        <\/p>\r\n    <\/div>\r\n    <a href=\"#\" id=\"helpButton\" style=\"display: inline-block; padding: 15px 30px; color: white; background: linear-gradient(90deg, #FF4500, #FFA500); text-decoration: none; border-radius: 25px; font-size: 18px; font-weight: bold; box-shadow: 0 4px 6px rgba(0, 0, 0, 0.1); transition: background 0.3s, transform 0.3s;\">\r\n        <span style=\"display: flex; align-items: center;\">\r\n            <svg style=\"margin-right: 10px;\" xmlns=\"http:\/\/www.w3.org\/2000\/svg\" width=\"24\" height=\"24\" fill=\"white\" viewBox=\"0 0 24 24\"><path d=\"M21.43 11.37c-2.23-.48-4.32-1.23-6.38-2.08-2.02-.82-4.04-1.7-6.17-1.94-2.12-.23-4.3.03-6.18 1.1-1.11.6-2.15 1.39-2.96 2.41-.6.76-1.03 1.68-1.18 2.67-.1.72-.11 1.46-.03 2.19.18 1.57.91 3.01 2.04 4.03.85.8 1.84 1.42 2.95 1.82 1.48.55 3.06.79 4.63.66 1.29-.11 2.55-.48 3.72-1.08 1.27-.66 2.42-1.55 3.42-2.59 1.12-1.17 1.97-2.57 2.52-4.1.65-1.78 1.02-3.67 1.06-5.58.01-.23-.01-.46-.03-.7zm-3.21 2.56c-.2 1.18-.61 2.33-1.2 3.38-.67 1.22-1.56 2.3-2.63 3.19-1.11.92-2.41 1.65-3.82 2.05-1.46.42-3.02.47-4.5.15-1.25-.28-2.45-.81-3.48-1.54-1.08-.77-1.97-1.79-2.57-2.96-.51-.97-.82-2.02-.88-3.1-.04-.64.01-1.29.17-1.92.15-.61.43-1.19.81-1.69.49-.65 1.09-1.2 1.77-1.63.82-.51 1.73-.92 2.67-1.13 1.44-.31 2.96-.14 4.34.39 2.13.78 4.2 1.68 6.3 2.49.8.31 1.6.64 2.39.97.14.06.28.14.42.2-.02.22-.05.45-.07.67z\"><\/path><\/svg>\r\n            Ajude-nos!\r\n        <\/span>\r\n    <\/a>\r\n<\/div>\r\n\r\n<div id=\"popup\" style=\"display: none; position: fixed; top: 50%; left: 50%; transform: translate(-50%, -50%); padding: 20px; border: 2px solid #FFA500; border-radius: 15px; background-color: #fff3e0; box-shadow: 0 4px 8px rgba(0, 0, 0, 0.1); z-index: 1000;\">\r\n    <form id=\"emailForm\">\r\n        <p style=\"font-size: 18px; font-weight: bold; color: #FF4500;\">Insira seu email para ajudar-nos!<\/p>\r\n        <input type=\"email\" id=\"emailInput\" name=\"email\" required style=\"padding: 10px; border: 1px solid #FFA500; border-radius: 5px; width: 100%; box-sizing: border-box; margin-bottom: 10px;\">\r\n        <button type=\"submit\" style=\"padding: 10px 20px; color: white; background: #FF4500; border: none; border-radius: 5px; font-size: 16px; cursor: pointer;\">Enviar<\/button>\r\n    <\/form>\r\n<\/div>\r\n\r\n<div id=\"overlay\" style=\"display: none; position: fixed; top: 0; left: 0; width: 100%; height: 100%; background: rgba(0, 0, 0, 0.5); z-index: 500;\"><\/div>\r\n\r\n<script src=\"https:\/\/cdn.emailjs.com\/dist\/email.min.js\"><\/script>\r\n<script>\r\n    (function(){\r\n        emailjs.init(\"CJJxOb3JOE2Ih4fFB\"); \r\n        document.getElementById('helpButton').addEventListener('click', function(event) {\r\n            event.preventDefault();\r\n            document.getElementById('popup').style.display = 'block';\r\n            document.getElementById('overlay').style.display = 'block';\r\n        });\r\n\r\n        document.getElementById('overlay').addEventListener('click', function() {\r\n            document.getElementById('popup').style.display = 'none';\r\n            document.getElementById('overlay').style.display = 'none';\r\n        });\r\n\r\n        document.getElementById('emailForm').addEventListener('submit', function(event) {\r\n            event.preventDefault();\r\n\r\n            \/\/ Configurar o email a ser enviado\r\n            var emailParams = {\r\n                to_email: document.getElementById('emailInput').value,\r\n                \/\/ Outros par\u00e2metros do email conforme necess\u00e1rio\r\n            };\r\n\r\n            \/\/ Enviar o email usando EmailJS\r\n            emailjs.send(\"service_q83brpg\", \"template_o99ocih\", emailParams)\r\n                .then(function(response) {\r\n                    console.log('Email enviado!', response);\r\n                    alert('Email enviado com sucesso!');\r\n                    document.getElementById('popup').style.display = 'none';\r\n                    document.getElementById('overlay').style.display = 'none';\r\n                }, function(error) {\r\n                    console.log('Erro ao enviar email:', error);\r\n                    alert('Ocorreu um erro ao enviar o email. Por favor, tente novamente mais tarde.');\r\n                });\r\n\r\n            return false;\r\n        });\r\n    })();\r\n<\/script>\r\n\r\n<\/body>\r\n<\/html>\r\n\t\t<\/div>\n\t\t\t\t<\/div>\n\t\t\t\t\t<\/div>\n\t\t\t\t<\/div>\n\t\t\t\t<div class=\"elementor-element elementor-element-d6ab048 elementor-widget elementor-widget-video\" data-id=\"d6ab048\" data-element_type=\"widget\" data-settings=\"{&quot;video_type&quot;:&quot;hosted&quot;,&quot;controls&quot;:&quot;yes&quot;}\" data-widget_type=\"video.default\">\n\t\t\t\t<div class=\"elementor-widget-container\">\n\t\t\t\t\t<div class=\"e-hosted-video elementor-wrapper elementor-open-inline\">\n\t\t\t\t\t<video class=\"elementor-video\" src=\"https:\/\/proouteiro.com\/wpampo\/wp-content\/uploads\/2024\/07\/Snapsave.app_-v6iRMRmSTxAWgie33UhgI_E1RsdpM-Trim.mp4\" controls=\"\" preload=\"metadata\" controlsList=\"nodownload\"><\/video>\n\t\t\t\t<\/div>\n\t\t\t\t<\/div>\n\t\t\t\t<\/div>\n\t\t\t\t\t<\/div>\n\t\t\t\t<\/div>\n\t\t\t\t\t<\/div>\n\t\t\t\t<\/div>\n\t\t<div class=\"elementor-element elementor-element-5064802 e-flex e-con-boxed e-con e-parent\" data-id=\"5064802\" data-element_type=\"container\">\n\t\t\t\t\t<div class=\"e-con-inner\">\n\t\t\t\t<div class=\"elementor-element elementor-element-f82ac43 elementor-widget-divider--view-line elementor-widget elementor-widget-divider\" data-id=\"f82ac43\" data-element_type=\"widget\" data-widget_type=\"divider.default\">\n\t\t\t\t<div class=\"elementor-widget-container\">\n\t\t\t\t\t<div class=\"elementor-divider\">\n\t\t\t<span class=\"elementor-divider-separator\">\n\t\t\t\t\t\t<\/span>\n\t\t<\/div>\n\t\t\t\t<\/div>\n\t\t\t\t<\/div>\n\t\t\t\t<div class=\"elementor-element elementor-element-a3c6d9d elementor-widget elementor-widget-heading\" data-id=\"a3c6d9d\" data-element_type=\"widget\" data-widget_type=\"heading.default\">\n\t\t\t\t<div class=\"elementor-widget-container\">\n\t\t\t<h2 class=\"elementor-heading-title elementor-size-default\">Servi\u00e7os<\/h2>\t\t<\/div>\n\t\t\t\t<\/div>\n\t\t<div class=\"elementor-element elementor-element-213ae7d e-con-full e-flex e-con e-child\" data-id=\"213ae7d\" data-element_type=\"container\">\n\t\t\t\t<div class=\"elementor-element elementor-element-87c7967 elementor-widget elementor-widget-html\" data-id=\"87c7967\" data-element_type=\"widget\" data-widget_type=\"html.default\">\n\t\t\t\t<div class=\"elementor-widget-container\">\n\t\t\t<!DOCTYPE html>\r\n<html lang=\"pt-br\">\r\n<head>\r\n<meta charset=\"UTF-8\">\r\n<meta name=\"viewport\" content=\"width=device-width, initial-scale=1.0\">\r\n<title>Tr\u00eas Fotos com Texto e Acorde\u00e3o<\/title>\r\n<style>\r\n    body {\r\n        margin: 0;\r\n        font-family: , sans-serif; \/* Adicione uma fonte alternativa aqui *\/\r\n    }\r\n    .container {\r\n        max-width: 1300px;\r\n        width: 100%;\r\n        margin: 0 auto;\r\n        padding: ; \/* Adicione um espa\u00e7amento interno *\/\r\n        box-sizing: border-box;\r\n    }\r\n    .box {\r\n        display: inline-block;\r\n        text-align: center; \/* Centraliza o conte\u00fado horizontalmente *\/\r\n        width: 100%; \/* Ajuste conforme necess\u00e1rio *\/\r\n        padding: 10px;\r\n        box-sizing: border-box;\r\n        vertical-align: top;\r\n        margin-right: 20px; \/* Espa\u00e7amento entre as caixas *\/\r\n    }\r\n    .box:last-child {\r\n        margin-right: 0;\r\n    }\r\n    .box img {\r\n        max-width: 100%;\r\n        height: auto;\r\n        display: block; \/* Evita espa\u00e7os indesejados ao redor da imagem *\/\r\n        margin: 0 auto; \/* Centraliza a imagem dentro da caixa *\/\r\n    }\r\n    .box p {\r\n        text-align: left; \/* Alinha o texto \u00e0 esquerda *\/\r\n        margin-top: 10px; \/* Espa\u00e7amento superior *\/\r\n    }\r\n    .box .content {\r\n        display: none;\r\n        padding: 10px;\r\n        background-color: #f9f9f9;\r\n        margin-top: 10px;\r\n        text-align: left; \/* Alinha o texto da \u00e1rea expandida \u00e0 esquerda *\/\r\n    }\r\n    .box .toggle {\r\n        cursor: pointer;\r\n        color: #333;\r\n        text-decoration: none;\r\n        display: inline-block;\r\n        font-weight: bold;\r\n        margin-top: 10px; \/* Espa\u00e7amento superior para o link 'Ler Mais' *\/\r\n    }\r\n    .toggle.active::after {\r\n        transform: rotate(180deg);\r\n    }\r\n<\/style>\r\n<\/head>\r\n<body>\r\n\r\n<div class=\"container\">\r\n    <div class=\"box\">\r\n        <img decoding=\"async\" src=\"https:\/\/proouteiro.com\/wpampo\/wp-content\/uploads\/2024\/07\/SAD.jpg\" alt=\"Imagem 1\">\r\n        <p>Apoio Domicili\u00e1rio<\/p>\r\n        <div class=\"content\">\r\n            <p>A PR\u00d3-OUTEIRO \u00e9 dedicada \u00e0 presta\u00e7\u00e3o de servi\u00e7os de apoio domicili\u00e1rio, onde a aten\u00e7\u00e3o aos utentes \u00e9 primordial. Com uma abordagem cuidadosa e individualizada, garantimos qualidade durante todo o ano. O nosso objetivo \u00e9 proporcionar apoio personalizado no domic\u00edlio para aqueles que, por raz\u00f5es de sa\u00fade ou outras limita\u00e7\u00f5es, n\u00e3o conseguem satisfazer as suas necessidades b\u00e1sicas.\r\n            Com uma equipa comprometida, oferecemos uma variedade de servi\u00e7os, incluindo cuidados de higiene, arruma\u00e7\u00e3o, higiene habitacional, transporte de refei\u00e7\u00f5es e tratamento de roupas. Durante a pandemia, a PR\u00d3-OUTEIRO enfrentou desafios significativos, mas adaptou-se rapidamente para continuar a atender as necessidades dos seus utentes. Isso incluiu a implementa\u00e7\u00e3o de medidas de seguran\u00e7a, ajustes nas equipas e na presta\u00e7\u00e3o de servi\u00e7os, al\u00e9m de garantir a prote\u00e7\u00e3o tanto dos utentes, quanto dos colaboradores.<\/p>\r\n        <\/div>\r\n        <span class=\"toggle\">Ler Mais<\/span>\r\n    <\/div>\r\n    <div class=\"box\">\r\n        <img decoding=\"async\" src=\"https:\/\/proouteiro.com\/wpampo\/wp-content\/uploads\/2024\/07\/Centro-de-Dia.jpg\" alt=\"Imagem 2\">\r\n        <p>Centro de Dia<\/p>\r\n        <div class=\"content\">\r\n            <p>O Centro de Dia da PR\u00d3-OUTEIRO atende atualmente a sua capacidade m\u00e1xima de 25 utentes, com idades compreendidas entre 60 e 92 anos, provenientes de Oliveira de Azem\u00e9is e S\u00e3o Jo\u00e3o da Madeira. Al\u00e9m dos servi\u00e7os padr\u00e3o, oferecemos uma variedade de atividades adaptadas para promover a sa\u00fade, sociabilidade, autonomia e cultura dos utentes.\r\n            Essas atividades incluem artes, lazer, eventos sociais, acesso a bens culturais e forma\u00e7\u00e3o. Planeadas por t\u00e9cnicos com base em estrat\u00e9gias de promo\u00e7\u00e3o do envelhecimento ativo e nos interesses individuais, o Centro de Dia destaca-se por atender \u00e0s expectativas e necessidades das pessoas, demonstrando o valor p\u00fablico da abordagem da PR\u00d3-OUTEIRO ao apoio social.<\/p>\r\n        <\/div>\r\n        <span class=\"toggle\">Ler Mais<\/span>\r\n    <\/div>\r\n    <div class=\"box\">\r\n        <img decoding=\"async\" src=\"https:\/\/proouteiro.com\/wpampo\/wp-content\/uploads\/2024\/07\/ERPI.jpg\" alt=\"Imagem 3\">\r\n        <p>Estrutura Residencial para Pessoas Idosas<\/p>\r\n        <div class=\"content\">\r\n            <p>A Estrutura Residencial para Pessoas Idosas \u00e9 uma resposta social que proporciona alojamento coletivo, seja tempor\u00e1rio ou permanente, com funcionamento cont\u00ednuo de 24 horas por dia. Desde a sua inaugura\u00e7\u00e3o, tem mantido uma procura constante e uma taxa de ocupa\u00e7\u00e3o est\u00e1vel.Em 2020, a sua capacidade foi totalmente preenchida, acolhendo um total de 25 utentes, sendo 20 deles abrangidos por um acordo de coopera\u00e7\u00e3o, que inclui 4 vagas sociais geridas pelo Instituto de Seguran\u00e7a Social, I.P. A PR\u00d3-OUTEIRO presta servi\u00e7os de ERPI a esses 25 utentes, com idades que variam entre 62 e os 97 anos. A ERPI oferece uma gama abrangente de servi\u00e7os, incluindo alimenta\u00e7\u00e3o, higiene pessoal, conforto, cuidados de sa\u00fade, atividades de anima\u00e7\u00e3o e socializa\u00e7\u00e3o, com o objetivo de promover a autonomia e integra\u00e7\u00e3o social dos idosos, mantendo, primordialmente, as suas rela\u00e7\u00f5es intrafamiliares.<\/p>\r\n        <\/div>\r\n        <span class=\"toggle\">Ler Mais<\/span>\r\n    <\/div>\r\n<\/div>\r\n\r\n<script>\r\n    document.addEventListener(\"DOMContentLoaded\", function() {\r\n        const toggles = document.querySelectorAll('.toggle');\r\n\r\n        toggles.forEach(toggle => {\r\n            toggle.addEventListener('click', function() {\r\n                const content = this.parentElement.querySelector('.content');\r\n                content.classList.toggle('active');\r\n                if (content.classList.contains('active')) {\r\n                    content.style.display = 'block';\r\n                    this.innerHTML = 'Ler Menos';\r\n                } else {\r\n                    content.style.display = 'none';\r\n                    this.innerHTML = 'Ler Mais';\r\n                }\r\n            });\r\n        });\r\n    });\r\n<\/script>\r\n\r\n<\/body>\r\n<\/html>\r\n\t\t<\/div>\n\t\t\t\t<\/div>\n\t\t\t\t<div class=\"elementor-element elementor-element-41b4b6c elementor-widget-divider--view-line elementor-widget elementor-widget-divider\" data-id=\"41b4b6c\" data-element_type=\"widget\" data-widget_type=\"divider.default\">\n\t\t\t\t<div class=\"elementor-widget-container\">\n\t\t\t\t\t<div class=\"elementor-divider\">\n\t\t\t<span class=\"elementor-divider-separator\">\n\t\t\t\t\t\t<\/span>\n\t\t<\/div>\n\t\t\t\t<\/div>\n\t\t\t\t<\/div>\n\t\t\t\t<\/div>\n\t\t\t\t<div class=\"elementor-element elementor-element-e56b277 elementor-widget elementor-widget-html\" data-id=\"e56b277\" data-element_type=\"widget\" data-widget_type=\"html.default\">\n\t\t\t\t<div class=\"elementor-widget-container\">\n\t\t\t<div style=\"display: flex; flex-wrap: wrap; justify-content: center;\">\r\n    <div style=\"flex: 1 1 50%; max-width: 50%; padding: 5px;\">\r\n        <img decoding=\"async\" src=\"https:\/\/proouteiro.com\/wpampo\/wp-content\/uploads\/2024\/08\/visao.png\" alt=\"Imagem 1\" style=\"width: 100%; height: auto; aspect-ratio: 900\/1300;\">\r\n    <\/div>\r\n    <div style=\"flex: 1 1 50%; max-width: 50%; padding: 5px;\">\r\n        <img decoding=\"async\" src=\"https:\/\/proouteiro.com\/wpampo\/wp-content\/uploads\/2024\/08\/MISSSAO.png\" alt=\"Imagem 2\" style=\"width: 100%; height: auto; aspect-ratio: 900\/1300;\">\r\n    <\/div>\r\n    <div style=\"flex: 1 1 50%; max-width: 50%; padding: 5px;\">\r\n        <img decoding=\"async\" src=\"https:\/\/proouteiro.com\/wpampo\/wp-content\/uploads\/2024\/08\/principios-3.png\" alt=\"Imagem 3\" style=\"width: 100%; height: auto; aspect-ratio: 900\/1300;\">\r\n    <\/div>\r\n    <div style=\"flex: 1 1 50%; max-width: 50%; padding: 5px;\">\r\n        <img decoding=\"async\" src=\"https:\/\/proouteiro.com\/wpampo\/wp-content\/uploads\/2024\/08\/valores-e1723463040959.png\" alt=\"Imagem 4\" style=\"width: 100%; height: auto; aspect-ratio: 900\/1300;\">\r\n    <\/div>\r\n<\/div>\r\n\t\t<\/div>\n\t\t\t\t<\/div>\n\t\t\t\t\t<\/div>\n\t\t\t\t<\/div>\n\t\t\t\t<\/div>\n\t\t","protected":false},"excerpt":{"rendered":"<p>Popup de Email Ajudar n\u00e3o custa nada! Seja solid\u00e1rio(a)! Ajude-nos! Insira seu email para ajudar-nos! Enviar https:\/\/proouteiro.com\/wpampo\/wp-content\/uploads\/2024\/07\/Snapsave.app_-v6iRMRmSTxAWgie33UhgI_E1RsdpM-Trim.mp4 Servi\u00e7os Tr\u00eas Fotos com Texto e Acorde\u00e3o Apoio Domicili\u00e1rio A PR\u00d3-OUTEIRO \u00e9 dedicada \u00e0 presta\u00e7\u00e3o de servi\u00e7os de apoio domicili\u00e1rio, onde a aten\u00e7\u00e3o aos utentes \u00e9 primordial. Com uma abordagem cuidadosa e individualizada, garantimos qualidade durante todo o [&hellip;]<\/p>\n","protected":false},"author":3,"featured_media":0,"parent":0,"menu_order":0,"comment_status":"closed","ping_status":"closed","template":"","meta":{"footnotes":""},"class_list":["post-12","page","type-page","status-publish","hentry"],"_links":{"self":[{"href":"https:\/\/proouteiro.com\/wpampo\/wp-json\/wp\/v2\/pages\/12","targetHints":{"allow":["GET"]}}],"collection":[{"href":"https:\/\/proouteiro.com\/wpampo\/wp-json\/wp\/v2\/pages"}],"about":[{"href":"https:\/\/proouteiro.com\/wpampo\/wp-json\/wp\/v2\/types\/page"}],"author":[{"embeddable":true,"href":"https:\/\/proouteiro.com\/wpampo\/wp-json\/wp\/v2\/users\/3"}],"replies":[{"embeddable":true,"href":"https:\/\/proouteiro.com\/wpampo\/wp-json\/wp\/v2\/comments?post=12"}],"version-history":[{"count":379,"href":"https:\/\/proouteiro.com\/wpampo\/wp-json\/wp\/v2\/pages\/12\/revisions"}],"predecessor-version":[{"id":1224,"href":"https:\/\/proouteiro.com\/wpampo\/wp-json\/wp\/v2\/pages\/12\/revisions\/1224"}],"wp:attachment":[{"href":"https:\/\/proouteiro.com\/wpampo\/wp-json\/wp\/v2\/media?parent=12"}],"curies":[{"name":"wp","href":"https:\/\/api.w.org\/{rel}","templated":true}]}}